{"id":6,"date":"2023-10-19T12:18:40","date_gmt":"2023-10-19T12:18:40","guid":{"rendered":"https:\/\/flugsvamp40.com\/?page_id=6"},"modified":"2024-05-19T08:28:28","modified_gmt":"2024-05-19T08:28:28","slug":"6-2","status":"publish","type":"page","link":"https:\/\/flugsvamp40.com\/","title":{"rendered":"Flugsvamp 4.0"},"content":{"rendered":"<pre><span style=\"color: #ff0000;\"><em>Flugsvamp 4.0 onion l\u00e4nk <\/em><\/span><\/pre>\n<pre><span style=\"color: #ff0000;\"><em><strong>fs4isrtnzr2svzmf7eokfgys6lyr6aabuaa25rv5ytbjvxryqdwez2id.onion<\/strong><\/em><\/span><br \/><span style=\"color: #ff0000;\"><em>Senaste uppdatering April 20, 2026<\/em><\/span><\/pre>\n\n\n<h2 class=\"wp-block-heading\">Flugsvamp 4.0 FAQ och regler<\/h2>\n\n\n<div class=\"wp-block-image\">\n<figure class=\"alignright size-large is-resized\"><img loading=\"lazy\" decoding=\"async\" width=\"1024\" height=\"481\" src=\"https:\/\/flugsvamp40.com\/wp-content\/uploads\/2023\/10\/flugs40-1024x481.png\" alt=\"Flugsvamp produktlista\" class=\"wp-image-11\" style=\"aspect-ratio:2.128898128898129;width:468px;height:auto\" srcset=\"https:\/\/flugsvamp40.com\/wp-content\/uploads\/2023\/10\/flugs40-1024x481.png 1024w, https:\/\/flugsvamp40.com\/wp-content\/uploads\/2023\/10\/flugs40-300x141.png 300w, https:\/\/flugsvamp40.com\/wp-content\/uploads\/2023\/10\/flugs40-768x361.png 768w, https:\/\/flugsvamp40.com\/wp-content\/uploads\/2023\/10\/flugs40.png 1399w\" sizes=\"auto, (max-width: 1024px) 100vw, 1024px\" \/><\/figure>\n<\/div>\n\n\n<p>V\u00e5r FAQ uppdateras regelbundet i takt med att vi besvarar vanliga fr\u00e5gor via v\u00e5r supportfunktion.<\/p>\n\n\n\n<p>Hur inleder jag en tvist?<\/p>\n\n\n\n<ul class=\"wp-block-list\">\n<li>Klicka p\u00e5 ordern och v\u00e4lj sedan &#8220;Inleda tvist&#8221;.<\/li>\n<\/ul>\n\n\n\n<p>N\u00e4r kan jag inleda en tvist?<\/p>\n\n\n\n<ul class=\"wp-block-list\">\n<li>Du kan inleda en tvist 48 timmar efter att din order har markerats som skickad.<\/li>\n<\/ul>\n\n\n\n<p>Vad h\u00e4nder efter att jag har inlett en tvist?<\/p>\n\n\n\n<ul class=\"wp-block-list\">\n<li>Efter att du har inlett en tvist har b\u00e5da parter m\u00f6jlighet att sj\u00e4lva l\u00f6sa problemet. Om de inte kan n\u00e5 en l\u00f6sning kan n\u00e5gon av parterna eskalera \u00e4rendet till v\u00e5rt supportteam.<\/li>\n<\/ul>\n\n\n\n<p>Hur l\u00e5ng tid tar det innan depositionen g\u00e5r till automatisk frisl\u00e4ppning?<\/p>\n\n\n\n<ul class=\"wp-block-list\">\n<li>Depositionen g\u00e5r till automatisk frisl\u00e4ppning sju dagar efter att ordern har markerats som skickad. D\u00e4rf\u00f6r \u00e4r det viktigt att inleda eventuella tvister inom den tidsramen.<\/li>\n<\/ul>\n\n\n\n<p>Vad \u00e4r transaktionsavgiften?<\/p>\n\n\n\n<ul class=\"wp-block-list\">\n<li>Transaktionsavgiften \u00e4r 4%.<\/li>\n<\/ul>\n\n\n\n<p>Varf\u00f6r st\u00e5r det att min ins\u00e4ttningsadress \u00e4r ogiltig?<\/p>\n\n\n\n<ul class=\"wp-block-list\">\n<li>Vi anv\u00e4nder SegWit-adresser, vilket \u00e4r en f\u00f6rb\u00e4ttring j\u00e4mf\u00f6rt med den nuvarande blockchain och erbjuder billigare och snabbare transaktioner. Vissa b\u00f6rsar och pl\u00e5nb\u00f6cker har kanske \u00e4nnu inte migrerat till SegWit, vilket kan f\u00e5 v\u00e5ra ins\u00e4ttningsadresser att felaktigt markeras som ogiltiga. Om din nuvarande pl\u00e5nbok inte kan skicka till SegWit-adresser, \u00f6verf\u00f6r dina bitcoins till en pl\u00e5nbok som Electrum och skicka dem d\u00e4rifr\u00e5n.<\/li>\n<\/ul>\n\n\n\n<p>Jag bor i Norge, kan jag best\u00e4lla fr\u00e5n Flugsvamp 4.0?<\/p>\n\n\n\n<ul class=\"wp-block-list\">\n<li>Nej, det \u00e4r strikt f\u00f6rbjudet f\u00f6r k\u00f6pare att handla med Flugsvamp fr\u00e5n utomlands, precis som det \u00e4r f\u00f6rbjudet att s\u00e4lja utanf\u00f6r Sveriges gr\u00e4nser. Detta \u00e4r f\u00f6r att s\u00e4kerst\u00e4lla s\u00e4kerheten f\u00f6r alla parter, inklusive Flugsvamp, och f\u00f6r att f\u00f6rhindra att n\u00e5gon part blir m\u00e5ltavla f\u00f6r internationella myndigheter och operationer. Vi m\u00e5ste begr\u00e4nsa v\u00e5ra aktiviteter till en inhemsk marknad.<\/li>\n<\/ul>\n\n\n\n<p>Jag k\u00f6per mediciner f\u00f6r sj\u00e4lvmedicinering regelbundet. \u00c4r mina pengar s\u00e4kra om jag s\u00e4tter in en st\u00f6rre summa p\u00e5 marknaden?<\/p>\n\n\n\n<ul class=\"wp-block-list\">\n<li>Som med alla andra marknader \u00e4r sunt f\u00f6rnuft viktigt. Det \u00e4r b\u00e4st att undvika att s\u00e4tta in mer pengar \u00e4n du planerar att spendera. Flugsvamp, precis som alla andra marknader, \u00e4r inte en s\u00e4ker plats att lagra pengar, s\u00e5 s\u00e4tt endast in det belopp du avser att anv\u00e4nda p\u00e5 kort sikt.<\/li>\n<\/ul>\n\n\n\n<p>Kan k\u00f6pare g\u00f6ra uttag?<\/p>\n\n\n\n<ul class=\"wp-block-list\">\n<li>Ja, k\u00f6pare kan g\u00f6ra uttag f\u00f6r att \u00f6ka anv\u00e4ndarnas s\u00e4kerhet. I den tidigare versionen av Flugsvamp var det uppenbart att uttag och destinationsadresser enbart kunde sp\u00e5ras till s\u00e4ljare.<\/li>\n<\/ul>\n\n\n\n<p>\u00c4r ni samma administrat\u00f6rer som f\u00f6reg\u00e5ende version(er) av Flugsvamp?<\/p>\n\n\n\n<ul class=\"wp-block-list\">\n<li>Nej, vi har ingen koppling till administrat\u00f6rerna i tidigare versioner av Flugsvamp. Vi sympatiserar med alla ber\u00f6rda anv\u00e4ndare fr\u00e5n tidigare marknader och hoppas kunna \u00e5terst\u00e4lla Flugsvamp till den community det en g\u00e5ng var.<\/li>\n<\/ul>\n\n\n\n<p>Kommer en Flugforum att lanseras?<\/p>\n\n\n\n<ul class=\"wp-block-list\">\n<li>Trots den korta tid vi har varit aktiva har vi f\u00e5tt m\u00e5nga f\u00f6rfr\u00e5gningar om ett forum. Vi kommer att starta ett forum s\u00e5 snart som m\u00f6jligt. Vi arbetar dygnet runt med uppdateringar och buggfixar, och prioriterar fr\u00e4mst utvecklingen av marknaden.<\/li>\n<\/ul>\n\n\n\n<p>Varf\u00f6r f\u00e5r jag inte det exakta beloppet vid uttag?<\/p>\n\n\n\n<ul class=\"wp-block-list\">\n<li>Vi anv\u00e4nder en h\u00f6gre Satoshi-avgift vid uttag (ungef\u00e4r 0,5%) f\u00f6r att p\u00e5skynda blockchain-transaktioner. Denna avgift kan dock variera beroende av blockkedjans belastning. Dessutom anv\u00e4nder vi en tumbler\/mixer som p\u00e5f\u00f6r en slumpm\u00e4ssig avgift mellan 0,5-1%, vilket g\u00f6r det om\u00f6jligt f\u00f6r polisen att sp\u00e5ra k\u00f6pare och s\u00e4ljare p\u00e5 Flugsvamp genom blockkedjeanalys.<\/li>\n<\/ul>\n\n\n\n<p>Saknas din fr\u00e5ga ovan? Skicka in din fr\u00e5ga genom v\u00e5r supportfunktion.<\/p>\n\n\n\n<p>Reklam relaterad till andra marknader eller egna webbplatser \u00e4r inte till\u00e5ten. \u00c4ven om vi inte kan f\u00f6rhindra att s\u00e4ljare anv\u00e4nder andra f\u00f6rs\u00e4ljningskanaler \u00e4n Flugsvamp, \u00e4r det inte till\u00e5tet att g\u00f6ra reklam f\u00f6r s\u00e5dana kanaler i samband med best\u00e4llningar, p\u00e5 forumet eller p\u00e5 marknadsplatsen.<\/p>\n\n\n\n<p>Reklam p\u00e5 Flugforum Som s\u00e4ljare har du r\u00e4tt att skapa en tr\u00e5d f\u00f6r din egen f\u00f6rs\u00e4ljning under &#8220;S\u00e4ljare och sortiment&#8221;. Vi till\u00e5ter dock att du skapar tr\u00e5dar som \u00e4r relaterade till f\u00f6rs\u00e4ljning i andra kategorier, i form av &#8220;kampanjer&#8221;, under f\u00f6ruts\u00e4ttning att du anger en start- och slutdatum f\u00f6r &#8220;kampanjen&#8221;. Undantag g\u00f6rs f\u00f6r provkampanjer och liknande, d\u00e4r det kan finnas ett maximalt antal.<\/p>\n\n\n<div class=\"wp-block-image\">\n<figure class=\"alignright size-large is-resized\"><img loading=\"lazy\" decoding=\"async\" width=\"1024\" height=\"537\" src=\"https:\/\/flugsvamp40.com\/wp-content\/uploads\/2023\/10\/flug42-1024x537.png\" alt=\"Flugsvamp betalningssida\" class=\"wp-image-13\" style=\"aspect-ratio:1.9068901303538175;width:442px;height:auto\" srcset=\"https:\/\/flugsvamp40.com\/wp-content\/uploads\/2023\/10\/flug42-1024x537.png 1024w, https:\/\/flugsvamp40.com\/wp-content\/uploads\/2023\/10\/flug42-300x157.png 300w, https:\/\/flugsvamp40.com\/wp-content\/uploads\/2023\/10\/flug42-768x403.png 768w, https:\/\/flugsvamp40.com\/wp-content\/uploads\/2023\/10\/flug42.png 1321w\" sizes=\"auto, (max-width: 1024px) 100vw, 1024px\" \/><\/figure>\n<\/div>\n\n\n<p> Reklam vid leverans av best\u00e4llningar Det \u00e4r till\u00e5tet att inkludera meddelanden med best\u00e4llningar som uppmanar kunderna att l\u00e4mna omd\u00f6men p\u00e5 Flugforum eller marknaden eller att kontakta er vid eventuell missn\u00f6jdhet. D\u00e4remot \u00e4r det inte till\u00e5tet att g\u00f6ra reklam f\u00f6r andra webbplatser, forum eller liknande, och s\u00e5dana handlingar kan leda till avst\u00e4ngning. Det \u00e4r v\u00e4rt att notera att information som skickas med en best\u00e4llning av m\u00e5nga betraktas som en s\u00e4mre form av dolt paketering, d\u00e5 det kan avsl\u00f6ja produkten delvis om paketet \u00f6ppnas.<\/p>\n\n\n\n<h2 class=\"wp-block-heading\">Flugsvamp 4.0 b\u00e4sta f\u00f6rs\u00e4ljarna<\/h2>\n\n\n\n<p><strong>magnusuggla Rapportera anv\u00e4ndare<\/strong> (http:\/\/fs4isvbujof355wj3hhsqahpvmwwjaq3s4mac4yrufrl26pxbzqjvzid.onion\/profile?id=619a496981597e01a546ed54)<br><strong>KaramellExpress Rapportera anv\u00e4ndare<\/strong>(http:\/\/fs4isrtnzr2svzmf7eokfgys6lyr6aabuaa25rv5ytbjvxryqdwez2id.onion\/profile?id=61895c14cf9c38369699ee46)<br><strong>daveswe Rapportera anv\u00e4ndare<\/strong>(http:\/\/fs4isrtnzr2svzmf7eokfgys6lyr6aabuaa25rv5ytbjvxryqdwez2id.onion\/profile?id=61fd3074c63d5c5ac22bac8a)<br><strong>NordicMedtech Rapportera anv\u00e4ndare<\/strong>(http:\/\/fs4isrtnzr2svzmf7eokfgys6lyr6aabuaa25rv5ytbjvxryqdwez2id.onion\/profile?id=642bfb01ca40ece506067305)<\/p>\n\n\n\n<h2 class=\"wp-block-heading\">Flugsvamp 4.0 Kontaktar administrat\u00f6rer och moderatorer<\/h2>\n\n\n\n<p>V\u00e5rt engagerade administrat\u00f6rsteam \u00e4r alltid redo att hj\u00e4lpa till. Om du har n\u00e5gra fr\u00e5gor, f\u00f6rslag eller bekymmer kan du kontakta oss via f\u00f6ljande kontaktuppgifter:<\/p>\n\n\n\n<p>Kontakta support email flugsvamp4@totanota.io<\/p>\n\n\n\n<p>Supports publika <a href=\"https:\/\/www.openpgp.org\/\" target=\"_blank\" rel=\"noreferrer noopener nofollow\">PGP<\/a> nyckel<\/p>\n\n\n\n<pre id=\"Supports-publika-PGP-nyckel\" class=\"wp-block-code\" style=\"font-size:8px\"><code>-----BEGIN PGP PUBLIC KEY BLOCK-----\n\nmQGNBGF+6kABDADPZjsAH7oqnYAqqhKfLVyvPtcR2wCONIElXILkPQX60Fn3+mXl\nAiLrQxvjow8BwQgADpuQpAQCozGA5jnsM\/h0N+8\/59DqChqbBFl\/Clu+kxihkyqw\nNXOPf34VGx4T+zwsrm5RNgS0tOyuuopBCEVzwfclN2hlT\/SK1xfUtAsvhthEJUsC\nVNBPzOnebXO8y8dcMXm1x1mKlNyw2INwOaZDZYm+R+3OEOjNIOzq5GUJYs6rqsU6\np1E+vmfP2NKXthQ7FW1FZADX1Pr3Qs4HwREuH6ZirYMp1vRI47WHBS5grgLbtBY8\nRTPpH1idoUIhnhGchvhmzR6l8N3zWm3rZVCPmu1rAdmGA+L9SLo7C\/m7ecewIWG2\n6ufd4FQZxJ39nhXQ\/VddKzQYldK6KltuDwNgV0bFqAEXVtbepBZmVhvztHPb4k\/4\nuYGNzaIBrCeweSM0zCWBqLEUL4lHyR2tMwsHJi+QDeEeL9fz3eVN8O3BlDMdRSuo\n3rtfI\/HdJQ63DPcAEQEAAbQMRkxVR1NWQU1QNC4wiQHOBBMBCAA4FiEE\/AEc0d5A\nzTxrB7tSS3Av6yJVEHoFAmF+6kACGwMFCwkIBwIGFQoJCAsCBBYCAwECHgECF4AA\nCgkQS3Av6yJVEHoNPgv9HGkyN6hMxAGDHwElA9qVSIJIZdYgsRayQlbO8bWozZh9\nDf9UtT7H5GAM7P0Tw4GhynROo8I77EUnmHVOH92B08Nzup+7f+WfQYuIYB2I3xJz\ngYeGnDfDVYML5s15JPZJWA0IJRGSf+JRMZEAkUfLF0SHmswRgQFCsUn145kfG\/Ng\n5CSsxVTVlfpKAzqQHoB1ZSgD1CjYmN8699mb3zVsdXaBecou0XrNdJBjo8TGI183\ndFnOE27u1stCHkUDlm4WswRCRtm4O44eeyuu8ashPGO7S509T6XngRtlmaLlW8Fz\nbTdk9qg8kxzwKA5aXwE6TLW5WxMWC20KvETDVp\/\/\/E2D2XQBcea29yapY1Dqmhec\nGk3UrTWbJ+ATPhw4x7Vj0uSHv8LOJKRSXDAhcXn3qCFkvHpBsv\/mREIoKy\/DKkLD\n31wE6lvMPdUZFW0wN+7zhS726eBQGBZxga\/DnJDJcNwGCvFGDSOrtSqS31\/tmcVh\nfL\/mptTD8u39FIGmxwMGuQGNBGF+6kABDACtTGaGkLj2Q+1P6cCXTFLGa\/co6isb\nVNRoWcwRpyUddRSOxnHDV1ftjKwhX49ULEFKqvRiLjGSkXqfGzUSWDO0+Zo7FNFX\nB7WknpLsCY5DlcCpdEA2Gp\/e0gv6w4xjq5DM9y1nq6Bwn+9BDrSvA4gWNbzY7fFv\nZsOk6uXH38Mhxh46L5XcLT+5YdiRUjTE5SeGMvel5yRtAmCowMhcTHDt2FGEYldq\nhKOITXjXqeBLzTtW+EQSxoW697l8AnAbUkk0h+6xLBJt2r3qhleAYdTVkgslMP0B\ntimOok2LzUlrYd+B2gql57t\/rZpcJ+QCwUEgNHh4pWYAThxAjQzn3KLGmKhO4f9G\nuoXUTXkg1GiYtSbtxgAXb6BycdUwdCno0PIQoJLaTc4RiTbJ7ZxqoAFQ7d0lvbec\nDLFpYgPPnIvYXouFe9F8UXLukVXjUUsyheSvx8WjpSvZd+Hs6lfcKVdcbIOuFhJv\n\/qGmIL+8ROoIwgaiBEJI6dHgwLm9tytX+VsAEQEAAYkBtgQYAQgAIBYhBPwBHNHe\nQM08awe7UktwL+siVRB6BQJhfupAAhsMAAoJEEtwL+siVRB6nIkL\/2WvsmOAaREt\nOngsZi2\/xYS2N2aFjx7onJ2+U2tL4QPZxCVKwkVS5HbEc735aYYxfzdvHS80eSph\n6nFRTJkEx9b4hVkEe9BMFPWjFcFaoi8A5RISAKa\/QHUD2F9WOiKHUmHOZ+OWFlmb\nCpp4DCi+0LmcnyaHfun6UdlPSmZ6N\/wpsr2vvjGKHMOrbh3eIW2xBx5n7xyU5UUi\ncuq8AsEF\/iszX9S\/0Ypj0R44DH52H4FI0TQI9GDDTbhjoYYl555Ea7H20L8AA0th\na1vEVrygM+H32+DwGPbjcmuKOv3B4jFXgLqRyRgl4v9LFBmr1qwHwpb+mLX9PULC\n+wqVc6Knr06DTA1A2O4GLjXjEpYJY0WeOGhifKCbqyHJ5V0fipF+NvJ5tWPdYtiF\nrGkS1r9ER\/jO2m2MaKkoeKDnki8JJSoFIot2vobWlnGvbfFRGaJBEHbQMh5BcqM3\nq6Vxwcb1GgLSDuwANCSvNbwiKKpMRRWTWVhI3niBKB5rdZ33VzKsmw==\n=8UhM\n-----END PGP PUBLIC KEY BLOCK-----<\/code><\/pre>\n\n\n\n<h2 class=\"wp-block-heading\">Kundrecensioner<\/h2>\n\n\n\n<blockquote class=\"wp-block-quote is-layout-flow wp-block-quote-is-layout-flow\">\n<p><strong>Kommentar<\/strong><\/p>\n<cite>Kom p\u00e5 1 dag, b\u00e4sta stealthen p\u00e5 flugsvamp av alla jag best\u00e4llt fr\u00e5n genuint. S\u00e5g inte ett dugg suspicious ut. Produkten ser bra ut men har ej testat \u00e4n men tvekar inte p\u00e5 att den \u00e4r bra d\u00e5 den stinker skurre och fin konsistens. En aningens undervikt p\u00e5 mina 25g men inget att gr\u00e5ta \u00f6ver d\u00e5 stealthen t\u00e4cker det och tror garanterat att Nordic l\u00f6ser det vid n\u00e4sta best\u00e4llning. TACK!<\/cite><\/blockquote>\n\n\n\n<blockquote class=\"wp-block-quote is-layout-flow wp-block-quote-is-layout-flow\">\n<p><strong>Kommentar<\/strong><\/p>\n<cite>5\/5 Helt klart premium hash som \u00e4r betydligt b\u00e4ttre en det mesta som s\u00e4ljs. V\u00e4ldigt kraftfull effekt. K\u00e4nns f\u00e4rskt, konsistensen \u00e4r mjuk, kladdig och oljig. Utm\u00e4rkt stealth. 4 dgr leveranstid. Mycket n\u00f6jd.<\/cite><\/blockquote>\n\n\n\n<h2 class=\"wp-block-heading\">Flugsvamp 4.0 datablad<\/h2>\n\n\n\n<figure class=\"wp-block-table\"><table><tbody><tr><td>\u00c5r f\u00f6r grundande<\/td><td>2020<\/td><\/tr><tr><td>Kryptovalutor accepteras<\/td><td>XMR &amp; BTC (SEK)<\/td><\/tr><tr><td>Statistik<\/td><td>Anv\u00e4ndare: 8950<br>S\u00e4ljare: 486<br>Listor: 3458<\/td><\/tr><tr><td>Escrow med flera signaturer<\/td><td>Nej<\/td><\/tr><tr><td>H\u00e4nvisningsprogram<\/td><td>Nej<\/td><\/tr><tr><td>Land<\/td><td>Sverige<\/td><\/tr><\/tbody><\/table><\/figure>\n","protected":false},"excerpt":{"rendered":"<p>Flugsvamp 4.0 onion l\u00e4nk fs4isrtnzr2svzmf7eokfgys6lyr6aabuaa25rv5ytbjvxryqdwez2id.onionSenaste uppdatering Flugsvamp 4.0 FAQ och regler V\u00e5r FAQ uppdateras regelbundet i takt med att vi besvarar vanliga fr\u00e5gor via v\u00e5r supportfunktion. Hur inleder jag en tvist? N\u00e4r kan jag inleda en tvist? Vad h\u00e4nder efter att jag har inlett en tvist? Hur l\u00e5ng tid tar det innan depositionen g\u00e5r till [&hellip;]<\/p>\n","protected":false},"author":1,"featured_media":0,"parent":0,"menu_order":0,"comment_status":"closed","ping_status":"closed","template":"","meta":{"footnotes":""},"class_list":["post-6","page","type-page","status-publish","hentry"],"_links":{"self":[{"href":"https:\/\/flugsvamp40.com\/index.php?rest_route=\/wp\/v2\/pages\/6","targetHints":{"allow":["GET"]}}],"collection":[{"href":"https:\/\/flugsvamp40.com\/index.php?rest_route=\/wp\/v2\/pages"}],"about":[{"href":"https:\/\/flugsvamp40.com\/index.php?rest_route=\/wp\/v2\/types\/page"}],"author":[{"embeddable":true,"href":"https:\/\/flugsvamp40.com\/index.php?rest_route=\/wp\/v2\/users\/1"}],"replies":[{"embeddable":true,"href":"https:\/\/flugsvamp40.com\/index.php?rest_route=%2Fwp%2Fv2%2Fcomments&post=6"}],"version-history":[{"count":15,"href":"https:\/\/flugsvamp40.com\/index.php?rest_route=\/wp\/v2\/pages\/6\/revisions"}],"predecessor-version":[{"id":36,"href":"https:\/\/flugsvamp40.com\/index.php?rest_route=\/wp\/v2\/pages\/6\/revisions\/36"}],"wp:attachment":[{"href":"https:\/\/flugsvamp40.com\/index.php?rest_route=%2Fwp%2Fv2%2Fmedia&parent=6"}],"curies":[{"name":"wp","href":"https:\/\/api.w.org\/{rel}","templated":true}]}}